{"id":5189,"date":"2024-06-05T17:16:49","date_gmt":"2024-06-05T15:16:49","guid":{"rendered":"https:\/\/www.campocampo.be\/?page_id=5189"},"modified":"2024-09-05T15:03:01","modified_gmt":"2024-09-05T13:03:01","slug":"notre-histoire-du-sultan","status":"publish","type":"page","link":"https:\/\/www.campocampo.be\/fr\/notre-histoire-du-sultan","title":{"rendered":"Notre histoire du &#8216;sultan&#8217;"},"content":{"rendered":"<p>Juste apr\u00e8s notre vente d&#8217;art moderne fin avril, un portrait d\u2019un ma\u00eetre ancien nous est confi\u00e9 pour notre vente aux ench\u00e8res. Le panneau porte un cachet qui nous intrigue mais que nous ne pouvons pas imm\u00e9diatement identifier ni retrouv\u00e9 dans la litt\u00e9rature. Le catalogue de notre vente classique du 28 mai doit \u00eatre imprim\u00e9. Le lot est r\u00e9pertori\u00e9 dans le catalogue comme \u2018H.W. couronn\u00e9, portrait d\u2019un sultan des Indes, Huile sur panneau, 51&#215;42 cm, cachet au verso\u2019<\/p>\n<p>Apr\u00e8s des recherches nous trouvons au mus\u00e9e \u2018Mauritshuis\u2019 \u00e0 La Haye un tableau estampill\u00e9 \u00e0 la m\u00eame fa\u00e7on. Le cachet est celui de la collection de Guillaume III, Willem Hendrik d\u2019Orange (1650-1702) \u2013 le rival m\u00e9connu de Louis XIV-\u00a0 qui devint plus tard roi d&#8217;Angleterre, d&#8217;Irlande et d&#8217;\u00c9cosse apr\u00e8s son mariage avec Marie Stuart II. Le \u2018Mauritshuis\u2019 confirme et sugg\u00e8re de retirer l\u2019\u0153uvre de la vente pour avoir plus de temps pour faire des recherches approfondies en esp\u00e9rant de pouvoir attribuer le tableau.<\/p>\n<p>Nous \u00e9valuons et d\u00e9cidons de le mettre en vente. Selon nous ce n\u2019est pas la t\u00e2che d&#8217;une maison de vente de mener des recherches scientifiques. Notre attribution laisserait beaucoup plus de place \u00e0 la discussion. Les ench\u00e9risseurs potentiels pour ce lot ont beaucoup plus d&#8217;expertise et peuvent juger et sp\u00e9culer eux-m\u00eames. Les informations compl\u00e9mentaires sont mises en ligne et on constate que l&#8217;int\u00e9r\u00eat grandit.<\/p>\n<p>Le sultan para\u00eet \u00eatre l&#8217;empereur moghol indien Jahangir, ce qui nous aide \u00e0 attirer l&#8217;attention en Inde et parmi les Indiens du monde entier. Il s&#8217;agit de l&#8217;empereur moghol indien Jahangir, qui a r\u00e9gn\u00e9 de 1605 \u00e0 1627, le fils a\u00een\u00e9 et le successeur d&#8217;Akbar le Grand, l&#8217;empereur le plus important et v\u00e9ritable fondateur de la dynastie moghole, le p\u00e8re de Shah Jahan, le b\u00e2tisseur du c\u00e9l\u00e8bre Taj Mahal.<\/p>\n<p>Le portrait faisait probablement partie d&#8217;une s\u00e9rie destin\u00e9e \u00e0 la d\u00e9coration du palais de Honselaarsdijk aux Pays-Bas, d\u00e9moli en 1814.<\/p>\n<p>L&#8217;exposition de la vente commence et l\u2019\u0153uvre continue \u00e0 enthousiasmer. En regardant le tableau ensemble avec un expert de ma\u00eetres anciens nous discutons de l&#8217;importance que les ench\u00e9risseurs ne forment pas un bloc pour maintenir le prix bas. Nous continuons \u00e0 nous efforcer d&#8217;atteindre un public d&#8217;ench\u00e9risseurs le plus diversifi\u00e9 que possible. De nombreux experts nous demandent encore de passer juste avant la vente pour examiner le tableau. Les avis restent partag\u00e9s.<\/p>\n<p>Nous avions d\u00e9cid\u00e9 de ne pas faire de pronostics mais remarquons que le tableau fait r\u00eaver. Nous avions secr\u00e8tement un montant en t\u00eate. Guy Campo est interview\u00e9 et la presse insiste sur un chiffre. Il est prudent. Le r\u00e9sultat final est historique. Trois millions!<\/p>\n<p><img loading=\"lazy\" decoding=\"async\" class=\"alignnone size-medium wp-image-5163\" src=\"https:\/\/www.campocampo.be\/app\/uploads\/2024\/06\/1520125-detail-4-266x300.jpeg\" alt=\"\" width=\"266\" height=\"300\" srcset=\"https:\/\/www.campocampo.be\/app\/uploads\/2024\/06\/1520125-detail-4-266x300.jpeg 266w, https:\/\/www.campocampo.be\/app\/uploads\/2024\/06\/1520125-detail-4-907x1024.jpeg 907w, https:\/\/www.campocampo.be\/app\/uploads\/2024\/06\/1520125-detail-4-768x867.jpeg 768w, https:\/\/www.campocampo.be\/app\/uploads\/2024\/06\/1520125-detail-4-1361x1536.jpeg 1361w, https:\/\/www.campocampo.be\/app\/uploads\/2024\/06\/1520125-detail-4-1814x2048.jpeg 1814w, https:\/\/www.campocampo.be\/app\/uploads\/2024\/06\/1520125-detail-4-886x1000.jpeg 886w\" sizes=\"auto, (max-width: 266px) 100vw, 266px\" \/><\/p>\n","protected":false},"excerpt":{"rendered":"<p>Juste apr\u00e8s notre vente d&#8217;art moderne fin avril, un portrait d\u2019un ma\u00eetre ancien nous est confi\u00e9 pour notre vente aux ench\u00e8res. Le panneau porte un cachet qui nous intrigue mais que nous ne pouvons pas imm\u00e9diatement identifier ni retrouv\u00e9 dans la litt\u00e9rature. Le catalogue de notre vente classique du 28 mai doit \u00eatre imprim\u00e9. Le &hellip; <a href=\"https:\/\/www.campocampo.be\/fr\/notre-histoire-du-sultan\">Continued<\/a><\/p>\n","protected":false},"author":5,"featured_media":5171,"parent":0,"menu_order":0,"comment_status":"closed","ping_status":"closed","template":"","meta":{"_acf_changed":false,"inline_featured_image":false,"footnotes":""},"class_list":["post-5189","page","type-page","status-publish","has-post-thumbnail","hentry"],"acf":[],"_links":{"self":[{"href":"https:\/\/www.campocampo.be\/fr\/wp-json\/wp\/v2\/pages\/5189","targetHints":{"allow":["GET"]}}],"collection":[{"href":"https:\/\/www.campocampo.be\/fr\/wp-json\/wp\/v2\/pages"}],"about":[{"href":"https:\/\/www.campocampo.be\/fr\/wp-json\/wp\/v2\/types\/page"}],"author":[{"embeddable":true,"href":"https:\/\/www.campocampo.be\/fr\/wp-json\/wp\/v2\/users\/5"}],"replies":[{"embeddable":true,"href":"https:\/\/www.campocampo.be\/fr\/wp-json\/wp\/v2\/comments?post=5189"}],"version-history":[{"count":5,"href":"https:\/\/www.campocampo.be\/fr\/wp-json\/wp\/v2\/pages\/5189\/revisions"}],"predecessor-version":[{"id":5376,"href":"https:\/\/www.campocampo.be\/fr\/wp-json\/wp\/v2\/pages\/5189\/revisions\/5376"}],"wp:featuredmedia":[{"embeddable":true,"href":"https:\/\/www.campocampo.be\/fr\/wp-json\/wp\/v2\/media\/5171"}],"wp:attachment":[{"href":"https:\/\/www.campocampo.be\/fr\/wp-json\/wp\/v2\/media?parent=5189"}],"curies":[{"name":"wp","href":"https:\/\/api.w.org\/{rel}","templated":true}]}}