{"id":2535,"date":"2020-03-19T11:20:07","date_gmt":"2020-03-19T11:20:07","guid":{"rendered":"https:\/\/www.campocampo.be?page_id=2535"},"modified":"2020-11-24T09:43:17","modified_gmt":"2020-11-24T09:43:17","slug":"precautions-covid-19","status":"publish","type":"page","link":"https:\/\/www.campocampo.be\/fr\/precautions-covid-19","title":{"rendered":"Pr\u00e9cautions COVID-19"},"content":{"rendered":"<p>D\u00fb aux circonstances extraordinaires concernant <strong>COVID-19<\/strong>,\u00a0nous sommes oblig\u00e9s de fermer la galerie au public. Il y aura une permanence du lundi au samedi entre 10 et 18h (seulement\u00a0 sur rendez-vous et compte tenu des mesures d&#8217;\u00e9loignement social).<\/p>\n<p>Malheureusement, cela affectera \u00e9galement notre vente classique, qui seront report\u00e9es au 16 d\u00e9cembre.<\/p>\n<p>Pour les estimations et les questions concernant nos prochaines expositions et ventes, vous pouvez toujours envoyer un courriel \u00e0 guy@campocampo.be.<\/p>\n<p>Du lundi au samedi, vous pouvez nous joindre \u00e0 nouveau par t\u00e9l\u00e9phone entre 10 et 18h au num\u00e9ro 03 218 47 77.<\/p>\n<p>En attendant, nous vous souhaitons une bonne sant\u00e9 et prenons soin de vous et de vos proches.<\/p>\n","protected":false},"excerpt":{"rendered":"<p>D\u00fb aux circonstances extraordinaires concernant COVID-19,\u00a0nous sommes oblig\u00e9s de fermer la galerie au public. Il y aura une permanence du lundi au samedi entre 10 et 18h (seulement\u00a0 sur rendez-vous et compte tenu des mesures d&#8217;\u00e9loignement social). Malheureusement, cela affectera \u00e9galement notre vente classique, qui seront report\u00e9es au 16 d\u00e9cembre. Pour les estimations et les &hellip; <a href=\"https:\/\/www.campocampo.be\/fr\/precautions-covid-19\">Continued<\/a><\/p>\n","protected":false},"author":5,"featured_media":509,"parent":0,"menu_order":0,"comment_status":"closed","ping_status":"closed","template":"","meta":{"_acf_changed":false,"inline_featured_image":false,"footnotes":""},"class_list":["post-2535","page","type-page","status-publish","has-post-thumbnail","hentry"],"acf":[],"_links":{"self":[{"href":"https:\/\/www.campocampo.be\/fr\/wp-json\/wp\/v2\/pages\/2535","targetHints":{"allow":["GET"]}}],"collection":[{"href":"https:\/\/www.campocampo.be\/fr\/wp-json\/wp\/v2\/pages"}],"about":[{"href":"https:\/\/www.campocampo.be\/fr\/wp-json\/wp\/v2\/types\/page"}],"author":[{"embeddable":true,"href":"https:\/\/www.campocampo.be\/fr\/wp-json\/wp\/v2\/users\/5"}],"replies":[{"embeddable":true,"href":"https:\/\/www.campocampo.be\/fr\/wp-json\/wp\/v2\/comments?post=2535"}],"version-history":[{"count":11,"href":"https:\/\/www.campocampo.be\/fr\/wp-json\/wp\/v2\/pages\/2535\/revisions"}],"predecessor-version":[{"id":2933,"href":"https:\/\/www.campocampo.be\/fr\/wp-json\/wp\/v2\/pages\/2535\/revisions\/2933"}],"wp:featuredmedia":[{"embeddable":true,"href":"https:\/\/www.campocampo.be\/fr\/wp-json\/wp\/v2\/media\/509"}],"wp:attachment":[{"href":"https:\/\/www.campocampo.be\/fr\/wp-json\/wp\/v2\/media?parent=2535"}],"curies":[{"name":"wp","href":"https:\/\/api.w.org\/{rel}","templated":true}]}}