{"id":247,"date":"2017-09-04T12:47:02","date_gmt":"2017-09-04T12:47:02","guid":{"rendered":"https:\/\/www.campocampo.be\/offer-an-art\/"},"modified":"2025-12-08T12:04:05","modified_gmt":"2025-12-08T11:04:05","slug":"demande-destimation","status":"publish","type":"page","link":"https:\/\/www.campocampo.be\/fr\/demande-destimation","title":{"rendered":"Demande d&#8217;estimation"},"content":{"rendered":"<p>&nbsp;<\/p>\n<p>Si vous d\u00e9sirez conna\u00eetre la valeur de vos objets d\u2019art anciens ou design, nous pouvons vous fournir gratuitement une indication de valeur. Venez nous voir \u00e0 la galerie, envoyez nous des photographies des \u0153uvres ou des objets par courriel, <a href=\"mailto:guy@campocampo.be\">guy@campocampo.be<\/a> dont vous d\u00e9sirez obtenir une estimation, ou contacter nous pour faire rendez-vous.<\/p>\n<p>Si vos fichiers font plus de 5 Mb, veuillez utiliser <a href=\"https:\/\/wetransfer.com\/\">WeTransfer<\/a><\/p>\n<p>N&#8217;envoyez pas de photos au format HEIC, mais uniquement des photos au format jpeg ou jpg.<\/p>\n","protected":false},"excerpt":{"rendered":"<p>&nbsp; Si vous d\u00e9sirez conna\u00eetre la valeur de vos objets d\u2019art anciens ou design, nous pouvons vous fournir gratuitement une indication de valeur. Venez nous voir \u00e0 la galerie, envoyez nous des photographies des \u0153uvres ou des objets par courriel, guy@campocampo.be dont vous d\u00e9sirez obtenir une estimation, ou contacter nous pour faire rendez-vous. Si vos &hellip; <a href=\"https:\/\/www.campocampo.be\/fr\/demande-destimation\">Continued<\/a><\/p>\n","protected":false},"author":4,"featured_media":4809,"parent":0,"menu_order":0,"comment_status":"closed","ping_status":"closed","template":"request-estimate.php","meta":{"_acf_changed":false,"inline_featured_image":false,"footnotes":""},"class_list":["post-247","page","type-page","status-publish","has-post-thumbnail","hentry"],"acf":[],"_links":{"self":[{"href":"https:\/\/www.campocampo.be\/fr\/wp-json\/wp\/v2\/pages\/247","targetHints":{"allow":["GET"]}}],"collection":[{"href":"https:\/\/www.campocampo.be\/fr\/wp-json\/wp\/v2\/pages"}],"about":[{"href":"https:\/\/www.campocampo.be\/fr\/wp-json\/wp\/v2\/types\/page"}],"author":[{"embeddable":true,"href":"https:\/\/www.campocampo.be\/fr\/wp-json\/wp\/v2\/users\/4"}],"replies":[{"embeddable":true,"href":"https:\/\/www.campocampo.be\/fr\/wp-json\/wp\/v2\/comments?post=247"}],"version-history":[{"count":10,"href":"https:\/\/www.campocampo.be\/fr\/wp-json\/wp\/v2\/pages\/247\/revisions"}],"predecessor-version":[{"id":6172,"href":"https:\/\/www.campocampo.be\/fr\/wp-json\/wp\/v2\/pages\/247\/revisions\/6172"}],"wp:featuredmedia":[{"embeddable":true,"href":"https:\/\/www.campocampo.be\/fr\/wp-json\/wp\/v2\/media\/4809"}],"wp:attachment":[{"href":"https:\/\/www.campocampo.be\/fr\/wp-json\/wp\/v2\/media?parent=247"}],"curies":[{"name":"wp","href":"https:\/\/api.w.org\/{rel}","templated":true}]}}