{"id":240,"date":"2017-09-01T08:09:53","date_gmt":"2017-09-01T08:09:53","guid":{"rendered":"https:\/\/www.campocampo.be\/contant\/"},"modified":"2026-04-18T15:17:57","modified_gmt":"2026-04-18T13:17:57","slug":"contact","status":"publish","type":"page","link":"https:\/\/www.campocampo.be\/fr\/contact","title":{"rendered":"Contact"},"content":{"rendered":"<p>&nbsp;<\/p>\n<p><strong>UPDATE 2026<\/strong>: Du lundi 26 janvier au vendredi 27 novembre 2026, De Lijn effectuera des travaux sur les voies de tramway et la chauss\u00e9e de la Grotesteenweg, depuis le croisement avec la Uitbreidingsstraat jusqu&#8217;au Koning Albertpark.<\/p>\n<p>Septembre &#8211; Juin ouvert de 10 \u00e0 18h<br \/>\nOuvert du lundi au samedi, ferm\u00e9 les dimanches et jours f\u00e9ri\u00e9s.<\/p>\n<p>Le samedi, la galerie est ouverte aux visiteurs, mais des enl\u00e8vements et les estimations sont uniquement possibles sur rendez-vous.<br \/>\nPendant les journ\u00e9es d&#8217;exposition des ventes et certaines autres expositions, la galerie est ouverte le dimanche et les jours f\u00e9ri\u00e9s.<\/p>\n<p>Voiture: Grotesteenweg est une rue \u00e0 sens unique. Nous disposons d&#8217;une all\u00e9e de chargement et de d\u00e9chargement (hauteur limite 3 m), ainsi que d&#8217;un parking souterrain \u00e0 la disposition de tous les visiteurs. Pour acc\u00e9der \u00e0 l&#8217;all\u00e9e en voiture, il est important d&#8217;\u00eatre prudent en traversant les voies du tramway, la piste cyclable et le trottoir.<\/p>\n<p>Accessibilit\u00e9 avec les transports publics:<br \/>\nTram: les lignes 15 et 7\u00a0 \u00e0 l&#8217;arr\u00eat De Merode.<br \/>\nTrain: \u00e0 12 min \u00e0 pied de la gare de Berchem, de la gare centrale, vous pouvez prendre le tram 15 en direction de Boechout et descendre \u00e0 l&#8217;arr\u00eat De Merode.<\/p>\n<p>Grotesteenweg 19-21<br \/>\nBE -2600 Anvers &#8211; Berchem<br \/>\nT. +32 3 218 47 77<\/p>\n<p>guy@campocampo.be<br \/>\n<a class=\"button\" href=\"https:\/\/www.facebook.com\/campoberchem\">Facebook<\/a><br \/>\n<a class=\"button\" href=\"instagram.com\/campocampo.120\/\">Instagram<\/a><br \/>\n<a class=\"button\" href=\"mailto:guy@campocampo.be\">Email<\/a><\/p>\n<p>Demande d\u2019estimation de la valeur de vos objets d\u2019art ou de vos antiquit\u00e9s<\/p>\n<p><a class=\"button\" href=\"https:\/\/www.campocampo.be\/fr\/demande-destimation\">Demande d\u2019estimation<\/a><\/p>\n<p>BE 52 4129 1780 7109<br \/>\nKREDBEBB<br \/>\nTVA: BE 0445.777.257<\/p>\n","protected":false},"excerpt":{"rendered":"<p>&nbsp; UPDATE 2026: Du lundi 26 janvier au vendredi 27 novembre 2026, De Lijn effectuera des travaux sur les voies de tramway et la chauss\u00e9e de la Grotesteenweg, depuis le croisement avec la Uitbreidingsstraat jusqu&#8217;au Koning Albertpark. Septembre &#8211; Juin ouvert de 10 \u00e0 18h Ouvert du lundi au samedi, ferm\u00e9 les dimanches et jours &hellip; <a href=\"https:\/\/www.campocampo.be\/fr\/contact\">Continued<\/a><\/p>\n","protected":false},"author":4,"featured_media":0,"parent":0,"menu_order":0,"comment_status":"closed","ping_status":"closed","template":"template-contact.php","meta":{"_acf_changed":false,"inline_featured_image":false,"footnotes":""},"class_list":["post-240","page","type-page","status-publish","hentry"],"acf":[],"_links":{"self":[{"href":"https:\/\/www.campocampo.be\/fr\/wp-json\/wp\/v2\/pages\/240","targetHints":{"allow":["GET"]}}],"collection":[{"href":"https:\/\/www.campocampo.be\/fr\/wp-json\/wp\/v2\/pages"}],"about":[{"href":"https:\/\/www.campocampo.be\/fr\/wp-json\/wp\/v2\/types\/page"}],"author":[{"embeddable":true,"href":"https:\/\/www.campocampo.be\/fr\/wp-json\/wp\/v2\/users\/4"}],"replies":[{"embeddable":true,"href":"https:\/\/www.campocampo.be\/fr\/wp-json\/wp\/v2\/comments?post=240"}],"version-history":[{"count":126,"href":"https:\/\/www.campocampo.be\/fr\/wp-json\/wp\/v2\/pages\/240\/revisions"}],"predecessor-version":[{"id":6362,"href":"https:\/\/www.campocampo.be\/fr\/wp-json\/wp\/v2\/pages\/240\/revisions\/6362"}],"wp:attachment":[{"href":"https:\/\/www.campocampo.be\/fr\/wp-json\/wp\/v2\/media?parent=240"}],"curies":[{"name":"wp","href":"https:\/\/api.w.org\/{rel}","templated":true}]}}