{"id":239,"date":"2017-09-01T08:10:55","date_gmt":"2017-09-01T08:10:55","guid":{"rendered":"https:\/\/www.campocampo.be\/collection\/"},"modified":"2024-02-07T16:28:33","modified_gmt":"2024-02-07T15:28:33","slug":"collection","status":"publish","type":"page","link":"https:\/\/www.campocampo.be\/fr\/collection","title":{"rendered":"Collection"},"content":{"rendered":"<p>A c\u00f4t\u00e9 de nos activit\u00e9s de maison de ventes aux ench\u00e8res, nous sommes \u00e9galement une galerie d\u2019art. A cette fin nous conservons un nombre d\u2019\u0153uvres d\u2019art destin\u00e9es \u00e0 la vente directe. Si vous \u00eates \u00e0 la recherche d\u2019une \u0153uvre d\u2019art sp\u00e9cifique ou d\u2019un artiste particulier, n\u2019h\u00e9sitez pas de nous contacter.<\/p>\n<p>Si vous d\u00e9sirez vendre une \u0153uvre d\u2019art en dehors du circuit de nos ventes aux ench\u00e8res, nous pouvons la proposer \u00e0 nos clients pour une vente \u00e0 l\u2019amiable, ou l\u2019inclure dans l\u2019une de nos expositions. Il suffit de nous contacter pour obtenir une estimation ou de prendre rendez-vous avec nos experts.<\/p>\n<p>Via les boutons ci-dessous, vous pouvez voir une s\u00e9lection de nos expositions pr\u00e9c\u00e9dentes.<\/p>\n","protected":false},"excerpt":{"rendered":"<p>A c\u00f4t\u00e9 de nos activit\u00e9s de maison de ventes aux ench\u00e8res, nous sommes \u00e9galement une galerie d\u2019art. A cette fin nous conservons un nombre d\u2019\u0153uvres d\u2019art destin\u00e9es \u00e0 la vente directe. Si vous \u00eates \u00e0 la recherche d\u2019une \u0153uvre d\u2019art sp\u00e9cifique ou d\u2019un artiste particulier, n\u2019h\u00e9sitez pas de nous contacter. Si vous d\u00e9sirez vendre une &hellip; <a href=\"https:\/\/www.campocampo.be\/fr\/collection\">Continued<\/a><\/p>\n","protected":false},"author":4,"featured_media":4955,"parent":0,"menu_order":0,"comment_status":"closed","ping_status":"closed","template":"template-collection.php","meta":{"_acf_changed":false,"inline_featured_image":false,"footnotes":""},"class_list":["post-239","page","type-page","status-publish","has-post-thumbnail","hentry"],"acf":[],"_links":{"self":[{"href":"https:\/\/www.campocampo.be\/fr\/wp-json\/wp\/v2\/pages\/239","targetHints":{"allow":["GET"]}}],"collection":[{"href":"https:\/\/www.campocampo.be\/fr\/wp-json\/wp\/v2\/pages"}],"about":[{"href":"https:\/\/www.campocampo.be\/fr\/wp-json\/wp\/v2\/types\/page"}],"author":[{"embeddable":true,"href":"https:\/\/www.campocampo.be\/fr\/wp-json\/wp\/v2\/users\/4"}],"replies":[{"embeddable":true,"href":"https:\/\/www.campocampo.be\/fr\/wp-json\/wp\/v2\/comments?post=239"}],"version-history":[{"count":6,"href":"https:\/\/www.campocampo.be\/fr\/wp-json\/wp\/v2\/pages\/239\/revisions"}],"predecessor-version":[{"id":745,"href":"https:\/\/www.campocampo.be\/fr\/wp-json\/wp\/v2\/pages\/239\/revisions\/745"}],"wp:featuredmedia":[{"embeddable":true,"href":"https:\/\/www.campocampo.be\/fr\/wp-json\/wp\/v2\/media\/4955"}],"wp:attachment":[{"href":"https:\/\/www.campocampo.be\/fr\/wp-json\/wp\/v2\/media?parent=239"}],"curies":[{"name":"wp","href":"https:\/\/api.w.org\/{rel}","templated":true}]}}